{"id":946,"date":"2023-07-25T17:08:17","date_gmt":"2023-07-25T21:08:17","guid":{"rendered":"https:\/\/www.exponentiel.ca\/agence\/"},"modified":"2023-12-13T16:37:56","modified_gmt":"2023-12-13T21:37:56","slug":"about-us","status":"publish","type":"page","link":"https:\/\/www.exponentiel.ca\/en\/about-us\/","title":{"rendered":"About us"},"content":{"rendered":"<picture class=\"img-fit-auto img-out-of-grid-left img-out-of-grid-right header-para\"><source srcset=\"https:\/\/www.exponentiel.ca\/wp-content\/uploads\/2023\/11\/img-a-propos-bandeau-mobile-2-2.jpg\" media=\"(max-width: 640px)\"><img decoding=\"async\" src=\"https:\/\/www.exponentiel.ca\/wp-content\/uploads\/2023\/11\/img-a-propos-bandeau-2-2.jpg\" alt=\"The Exponentiel communications agency management team: V\u00e9ronique Arsenault, founding president, Mathieu Lavall\u00e9e, vice-president and partner, Nancy Bouffard, vice-president, Karina Sieres, director and Tamara Chiasson, director\"><\/picture>\n<div class=\"spacer-x2\"><\/div>\n<div class=\"iframe-video-container\"><iframe loading=\"lazy\" src=\"https:\/\/player.vimeo.com\/video\/884561410?h=a1569f832f\" width=\"640\" height=\"360\" frameborder=\"0\" allow=\"autoplay; fullscreen; picture-in-picture\" allowfullscreen><\/iframe><\/div>\n<div class=\"spacer-x2\"><\/div>\n<picture class=\"grid-column-end-span-6 grid-column-end-mobile-span-6 img-fit-auto\"><img decoding=\"async\" src=\"https:\/\/www.exponentiel.ca\/wp-content\/uploads\/2023\/10\/img-ill-a-propos-nous-sommes.svg\" alt=\"Pictogram of Exponentiel's values\" \/><\/picture>\n<div class=\"grid-column-start-7 grid-column-end-span-6\">\n<div class=\"h2\">\n<h2>We are&#8230;<\/h2>\n<\/div>\n<div class=\"h3\">Creative, but also responsive<\/div>\n<p>We are never satisfied with just enough. We aim high, we think differently. We cultivate our curiosity. Our comfort zone is outside the&nbsp;box.<\/p>\n<div class=\"h3\">Optimistic, but also direct<\/div>\n<p>We see the glass half full, but is a glass what you really need? We dare to ask the questions that call things into&nbsp;question.<\/p>\n<div class=\"h3\">Empathetic, but also authentic<\/div>\n<p>We are passionate about people. We believe that Exponentiel results come when human connections are strong. Our methods are rigorous, but our approach is always&nbsp;caring.<\/p>\n<div class=\"h3\">Agile, but also thoughtful<\/div>\n<p>We go off the beaten path to chart your own course. One that will achieve your goals as effectively as possible. We&#8217;re not afraid of meticulously clearing the way to move forward. We believe that many heads are (Exponentially) better than&nbsp;one.<\/p>\n<\/div>\n<div class=\"spacer-x2\"><\/div>\n<picture class=\"grid-column-start-3 grid-column-end-span-4 grid-column-end-mobile-span-6  align-self-end img-fit-auto border-radius-mask\"><img decoding=\"async\" src=\"https:\/\/www.exponentiel.ca\/wp-content\/uploads\/2023\/10\/img-a-propos-ce-qui-nous-tient-a-coeur-01.jpg\" alt=\"Members of the Ivanhoe Cambridge team, clients of the Exponentiel communications agency, in front of the Place Ville-Marie ring\" \/><\/picture>\n<picture class=\"grid-column-start-7 grid-column-end-span-4 grid-column-start-mobile-7 grid-column-end-mobile-span-6 align-self-end img-fit-auto border-radius-mask no-margin-mobile\"><img decoding=\"async\" src=\"https:\/\/www.exponentiel.ca\/wp-content\/uploads\/2023\/11\/img-a-propos-ce-qui-nous-tient-a-coeur-02-v2.jpg\" alt=\"Pomerleau employees, clients of the Exponentiel communications agency\" \/><\/picture>\n<div class=\"spacer-x1\"><\/div>\n<div class=\"grid-column-end-span-6 align-self-center\">\n<div class=\"h2\">\n<h2>What we care&nbsp;about<\/h2>\n<\/div>\n<p>Helping companies, leaders, team members and partners reach a higher level of success, while generating greater well-being for&nbsp;all.<\/p>\n<\/div>\n<picture class=\"grid-column-start-7 grid-column-end-span-6 grid-column-start-mobile-2 grid-column-end-mobile-span-10  img-fit-cover img-fit-auto-mobile border-radius-mask\"><img decoding=\"async\" src=\"https:\/\/www.exponentiel.ca\/wp-content\/uploads\/2023\/10\/img-a-propos-ce-qui-nous-tient-a-coeur-03.jpg\" alt=\"Members of CellCAN, a client of the Exponentiel communications agency\" \/><\/picture>\n<div class=\"spacer-x3\"><\/div>\n<div class=\"spacer-x3\"><\/div>\n<div class=\"scrolling-banner animate\">\n<div>\n<div>\n<div>Our values<\/div>\n<div>Our values<\/div>\n<div>Our values<\/div>\n<div>Our values<\/div>\n<div>Our values<\/div>\n<div>Our values<\/div>\n<div>Our values<\/div>\n<div>Our values<\/div>\n<div>Our values<\/div>\n<div>Our values<\/div>\n<\/p><\/div>\n<\/p><\/div>\n<\/div>\n<picture class=\"grid-column-start-2 grid-column-end-span-2 grid-column-end-mobile-span-6 img-fit-auto align-self-center\"><img decoding=\"async\" src=\"https:\/\/www.exponentiel.ca\/wp-content\/uploads\/2023\/10\/img-ill-carrieres-est-ce-qu-on-se-ressemble.svg\" alt=\"Pictogram of Exponentiel's team\" \/><\/picture>\n<div class=\"grid-column-start-5 grid-column-end-span-7 align-self-center\">\n<p class=\"x-large\"><em>Close connections<\/em><\/p>\n<p>People come first. Through collaboration and the relationships we nurture, we can make a positive and lasting difference to the future of organizations, and generate results that are&nbsp;Exponentiel.<\/p>\n<\/div>\n<div class=\"spacer-x1\"><\/div>\n<div class=\"spacer-x0 spacer-x1-mobile\"><\/div>\n<div class=\"grid-column-end-span-7 align-self-center\">\n<p class=\"x-large\"><em>Constant betterment<\/em><\/p>\n<p>We work hard to constantly innovate, think differently and do better. We aim high, while diving deep. We rely on a highly personalized approach, enabling us to evolve with each&nbsp;project.<\/p>\n<\/div>\n<picture class=\"grid-column-start-8 grid-column-end-span-3 grid-column-end-mobile-span-6 grid-row-start-mobile img-fit-auto align-self-center\" style=\"--grid-row-start-mobile: 18;\"><img decoding=\"async\" src=\"https:\/\/www.exponentiel.ca\/wp-content\/uploads\/2023\/11\/img-ill-a-propos-constante-amelioration.svg\" alt=\"Pictogram showing Exponentiel's constant betterment\" \/><\/picture>\n<div class=\"spacer-x1\"><\/div>\n<picture class=\"grid-column-start-2 grid-column-end-span-2 grid-column-end-mobile-span-6 img-fit-auto align-self-center\"><img decoding=\"async\" src=\"https:\/\/www.exponentiel.ca\/wp-content\/uploads\/2023\/11\/img-ill-a-propos-audacieuse-tenacite.svg\" alt=\"Pictogram showing Exponentiel's courageous tenacity\" \/><\/picture>\n<div class=\"grid-column-start-5 grid-column-end-span-7 align-self-center\">\n<p class=\"x-large\"><em>Courageous tenacity<\/em><\/p>\n<p>In the spirit of co-creation, we cultivate humility and respect, but dare to ask tough questions. That way, you can get to the big issues quickly, in search of the truths that will make a real difference to your&nbsp;brand.<\/p>\n<\/div>\n<div class=\"spacer-x3\"><\/div>\n<div class=\"h2\">\n<h2>The Exponentiel attitude<\/h2>\n<\/div>\n<div class=\"spacer-x1\"><\/div>\n<div class=\"list-full-width\">\n<ul class=\"list show\" style=\"--transition-delay: 0s;\">\n<li class=\"expandable-list\"><button><span>Dynamic responsiveness<\/span><\/button>\n<ul>\n<li>\n<p>Thanks to active listening and agile thinking, we&#8217;re quick to respond to every need. Never reactionary, we work methodically, quickly and&nbsp;efficiently.<\/p>\n<\/li>\n<\/ul>\n<\/li>\n<li class=\"expandable-list\"><button><span>Personalized creativity<\/span><\/button>\n<ul>\n<li>\n<p>Each of our actions stems directly from our close and unique relationship with you. Your situation is different from all others. So are our&nbsp;solutions.<\/p>\n<\/li>\n<\/ul>\n<\/li>\n<li class=\"expandable-list\"><button><span>Strategic innovation<\/span><\/button>\n<ul>\n<li>\n<p>For each mandate, we don&#8217;t stop until we&#8217;ve achieved the goals we&#8217;ve set ourselves, which are the highest possible. For us, obstacles are always a good opportunity to rethink the situation and innovate our&nbsp;response.<\/p>\n<\/li>\n<\/ul>\n<\/li>\n<li class=\"expandable-list\"><button><span>Constructive originality<\/span><\/button>\n<ul>\n<li>\n<p>Recycling is great. But not for our projects. Instead, we cultivate the observation, understanding and insight that allow us to identify a unique message. Your&nbsp;message.<\/p>\n<\/li>\n<\/ul>\n<\/li>\n<li class=\"expandable-list\"><button><span>Realistic optimism<\/span><\/button>\n<ul>\n<li>\n<p>We&#8217;re not naive. We know that the unexpected is part of life. But we also know that even in difficult situations, there are always ways of improving a situation or transforming it in a positive&nbsp;way.<\/p>\n<\/li>\n<\/ul>\n<\/li>\n<\/ul>\n<\/div>\n<div class=\"banner bckg-orange\">\n<div>\n<div class=\"title\">\n<h2>Do you think we\u2019d get&nbsp;along?<\/h2>\n<\/div>\n<div>\n<div class=\"h3\"><em>That\u2019s good news because we think so&nbsp;too.<\/em><\/div>\n<\/div>\n<div><a class=\"bt\" href=\"https:\/\/www.exponentiel.ca\/en\/our-services\/\" data-name=\"Find out more about our services\"><span>Find out more about our services<\/span><\/a><\/div>\n<\/div>\n<\/div>\n<div class=\"spacer-x3\"><\/div>\n<picture class=\"grid-column-start-span-1 grid-column-end-span-6 grid-column-end-mobile-span-7  align-self-center img-fit-auto\"><img decoding=\"async\" src=\"https:\/\/www.exponentiel.ca\/wp-content\/uploads\/2023\/10\/img-ill-a-propos-on-se-demarque.svg\" alt=\"Pictogram of Exponentiel's team in first place on a podium\" \/><\/picture>\n<div class=\"grid-column-start-7 grid-column-end-span-6 align-self-center\">\n<div class=\"h2\">We stand out<\/div>\n<ul class=\"ico-list\">\n<li style=\"--list-img: url('https:\/\/www.exponentiel.ca\/wp-content\/uploads\/2023\/11\/Exponentiel_icone_coupe-gagnant.svg');\"><a href=\"https:\/\/www.exponentiel.ca\/en\/news\/sqprp-2022-awards-of-excellence\/\"><strong>2022 Excellence Award from the <em>Soci\u00e9t\u00e9 qu\u00e9b\u00e9coise des professionnel(le)s\u00a0en relations publiques (SQPRP)<\/em><\/strong>, in the External Public Relations Program category, for the&nbsp;Ring<\/a><\/li>\n<li style=\"--list-img: url('https:\/\/www.exponentiel.ca\/wp-content\/uploads\/2023\/11\/Exponentiel_icone_medaille.svg');\"><a href=\"https:\/\/www.exponentiel.ca\/en\/news\/sqprp-2022-awards-of-excellence\/\"><strong>2022 Excellence Award from the SQPRP<\/strong>, in the Community Campaign category, for the <em>D\u00e9fi Collations<\/em> project with <em>Allergies&nbsp;Qu\u00e9bec<\/em><\/a><\/li>\n<li style=\"--list-img: url('https:\/\/www.exponentiel.ca\/wp-content\/uploads\/2023\/11\/Exponentiel_icone_mains.svg');\"><a href=\"https:\/\/www.exponentiel.ca\/en\/our-projects\/pomerleau\/\"><strong>2021 Excellence Award from the SQPRP<\/strong>, in the category Public relations tactics, communication tools, for the Pomerleau White&nbsp;Paper<\/a><\/li>\n<li style=\"--list-img: url('https:\/\/www.exponentiel.ca\/wp-content\/uploads\/2023\/11\/Exponentiel_icone_wow.svg');\"><strong>Rising Star category<\/strong>, Women in Business ranking from <em>Premi\u00e8res en affaires<\/em> ($1M&nbsp;to&nbsp;$5M)<\/li>\n<\/ul>\n<\/div>\n<div class=\"spacer-x3\"><\/div>\n<div class=\"end-of-page-link no-image\">\n<div class=\"bckg-light-green\">\n<div class=\"title\">\n<h2>Meet our people and learn more about our&nbsp;story<\/h2>\n<\/div>\n<div><a class=\"bt\" href=\"https:\/\/www.exponentiel.ca\/en\/our-team\/\" data-name=\"Find out more about our team\"><span>Find out more about our team<\/span><\/a><\/div>\n<\/div>\n<\/div>\n<p>%expolife-blue%<\/p>\n","protected":false},"excerpt":{"rendered":"<p>We are&#8230; Creative, but also responsive We are never satisfied with just enough. We aim high, we think differently. We cultivate our curiosity. Our comfort zone is outside the&nbsp;box. Optimistic, but also direct We see the glass half full, but is a glass what you really need? We dare to ask the questions that call [&hellip;]<\/p>\n","protected":false},"author":2,"featured_media":1557,"parent":0,"menu_order":0,"comment_status":"closed","ping_status":"closed","template":"templates\/template-generic.php","meta":{"_acf_changed":false,"footnotes":""},"class_list":["post-946","page","type-page","status-publish","has-post-thumbnail","hentry"],"acf":[],"yoast_head":"<!-- This site is optimized with the Yoast SEO plugin v26.8 - https:\/\/yoast.com\/product\/yoast-seo-wordpress\/ -->\n<title>About us - Exponentiel<\/title>\n<meta name=\"description\" content=\"Exponentiel is a business strategy, public relations and impact communications agency like to no other, for leaders who are like no others.\" \/>\n<meta name=\"robots\" content=\"index, follow, max-snippet:-1, max-image-preview:large, max-video-preview:-1\" \/>\n<link rel=\"canonical\" href=\"https:\/\/www.exponentiel.ca\/en\/about-us\/\" \/>\n<meta property=\"og:locale\" content=\"en_US\" \/>\n<meta property=\"og:type\" content=\"article\" \/>\n<meta property=\"og:title\" content=\"About us - Exponentiel\" \/>\n<meta property=\"og:description\" content=\"Exponentiel is a business strategy, public relations and impact communications agency like to no other, for leaders who are like no others.\" \/>\n<meta property=\"og:url\" content=\"https:\/\/www.exponentiel.ca\/en\/about-us\/\" \/>\n<meta property=\"og:site_name\" content=\"Exponentiel\" \/>\n<meta property=\"article:modified_time\" content=\"2023-12-13T21:37:56+00:00\" \/>\n<meta name=\"twitter:card\" content=\"summary_large_image\" \/>\n<meta name=\"twitter:label1\" content=\"Est. reading time\" \/>\n\t<meta name=\"twitter:data1\" content=\"5 minutes\" \/>\n<script type=\"application\/ld+json\" class=\"yoast-schema-graph\">{\"@context\":\"https:\/\/schema.org\",\"@graph\":[{\"@type\":\"WebPage\",\"@id\":\"https:\/\/www.exponentiel.ca\/en\/about-us\/\",\"url\":\"https:\/\/www.exponentiel.ca\/en\/about-us\/\",\"name\":\"About us - Exponentiel\",\"isPartOf\":{\"@id\":\"https:\/\/www.exponentiel.ca\/en\/#website\"},\"primaryImageOfPage\":{\"@id\":\"https:\/\/www.exponentiel.ca\/en\/about-us\/#primaryimage\"},\"image\":{\"@id\":\"https:\/\/www.exponentiel.ca\/en\/about-us\/#primaryimage\"},\"thumbnailUrl\":\"https:\/\/www.exponentiel.ca\/wp-content\/uploads\/2023\/10\/img-ill-a-propos.svg\",\"datePublished\":\"2023-07-25T21:08:17+00:00\",\"dateModified\":\"2023-12-13T21:37:56+00:00\",\"description\":\"Exponentiel is a business strategy, public relations and impact communications agency like to no other, for leaders who are like no others.\",\"breadcrumb\":{\"@id\":\"https:\/\/www.exponentiel.ca\/en\/about-us\/#breadcrumb\"},\"inLanguage\":\"en-CA\",\"potentialAction\":[{\"@type\":\"ReadAction\",\"target\":[\"https:\/\/www.exponentiel.ca\/en\/about-us\/\"]}]},{\"@type\":\"ImageObject\",\"inLanguage\":\"en-CA\",\"@id\":\"https:\/\/www.exponentiel.ca\/en\/about-us\/#primaryimage\",\"url\":\"https:\/\/www.exponentiel.ca\/wp-content\/uploads\/2023\/10\/img-ill-a-propos.svg\",\"contentUrl\":\"https:\/\/www.exponentiel.ca\/wp-content\/uploads\/2023\/10\/img-ill-a-propos.svg\"},{\"@type\":\"BreadcrumbList\",\"@id\":\"https:\/\/www.exponentiel.ca\/en\/about-us\/#breadcrumb\",\"itemListElement\":[{\"@type\":\"ListItem\",\"position\":1,\"name\":\"Accueil\",\"item\":\"https:\/\/www.exponentiel.ca\/en\/\"},{\"@type\":\"ListItem\",\"position\":2,\"name\":\"About us\"}]},{\"@type\":\"WebSite\",\"@id\":\"https:\/\/www.exponentiel.ca\/en\/#website\",\"url\":\"https:\/\/www.exponentiel.ca\/en\/\",\"name\":\"Exponentiel\",\"description\":\"Sortez du lot\",\"potentialAction\":[{\"@type\":\"SearchAction\",\"target\":{\"@type\":\"EntryPoint\",\"urlTemplate\":\"https:\/\/www.exponentiel.ca\/en\/?s={search_term_string}\"},\"query-input\":{\"@type\":\"PropertyValueSpecification\",\"valueRequired\":true,\"valueName\":\"search_term_string\"}}],\"inLanguage\":\"en-CA\"}]}<\/script>\n<!-- \/ Yoast SEO plugin. -->","yoast_head_json":{"title":"About us - Exponentiel","description":"Exponentiel is a business strategy, public relations and impact communications agency like to no other, for leaders who are like no others.","robots":{"index":"index","follow":"follow","max-snippet":"max-snippet:-1","max-image-preview":"max-image-preview:large","max-video-preview":"max-video-preview:-1"},"canonical":"https:\/\/www.exponentiel.ca\/en\/about-us\/","og_locale":"en_US","og_type":"article","og_title":"About us - Exponentiel","og_description":"Exponentiel is a business strategy, public relations and impact communications agency like to no other, for leaders who are like no others.","og_url":"https:\/\/www.exponentiel.ca\/en\/about-us\/","og_site_name":"Exponentiel","article_modified_time":"2023-12-13T21:37:56+00:00","twitter_card":"summary_large_image","twitter_misc":{"Est. reading time":"5 minutes"},"schema":{"@context":"https:\/\/schema.org","@graph":[{"@type":"WebPage","@id":"https:\/\/www.exponentiel.ca\/en\/about-us\/","url":"https:\/\/www.exponentiel.ca\/en\/about-us\/","name":"About us - Exponentiel","isPartOf":{"@id":"https:\/\/www.exponentiel.ca\/en\/#website"},"primaryImageOfPage":{"@id":"https:\/\/www.exponentiel.ca\/en\/about-us\/#primaryimage"},"image":{"@id":"https:\/\/www.exponentiel.ca\/en\/about-us\/#primaryimage"},"thumbnailUrl":"https:\/\/www.exponentiel.ca\/wp-content\/uploads\/2023\/10\/img-ill-a-propos.svg","datePublished":"2023-07-25T21:08:17+00:00","dateModified":"2023-12-13T21:37:56+00:00","description":"Exponentiel is a business strategy, public relations and impact communications agency like to no other, for leaders who are like no others.","breadcrumb":{"@id":"https:\/\/www.exponentiel.ca\/en\/about-us\/#breadcrumb"},"inLanguage":"en-CA","potentialAction":[{"@type":"ReadAction","target":["https:\/\/www.exponentiel.ca\/en\/about-us\/"]}]},{"@type":"ImageObject","inLanguage":"en-CA","@id":"https:\/\/www.exponentiel.ca\/en\/about-us\/#primaryimage","url":"https:\/\/www.exponentiel.ca\/wp-content\/uploads\/2023\/10\/img-ill-a-propos.svg","contentUrl":"https:\/\/www.exponentiel.ca\/wp-content\/uploads\/2023\/10\/img-ill-a-propos.svg"},{"@type":"BreadcrumbList","@id":"https:\/\/www.exponentiel.ca\/en\/about-us\/#breadcrumb","itemListElement":[{"@type":"ListItem","position":1,"name":"Accueil","item":"https:\/\/www.exponentiel.ca\/en\/"},{"@type":"ListItem","position":2,"name":"About us"}]},{"@type":"WebSite","@id":"https:\/\/www.exponentiel.ca\/en\/#website","url":"https:\/\/www.exponentiel.ca\/en\/","name":"Exponentiel","description":"Sortez du lot","potentialAction":[{"@type":"SearchAction","target":{"@type":"EntryPoint","urlTemplate":"https:\/\/www.exponentiel.ca\/en\/?s={search_term_string}"},"query-input":{"@type":"PropertyValueSpecification","valueRequired":true,"valueName":"search_term_string"}}],"inLanguage":"en-CA"}]}},"_links":{"self":[{"href":"https:\/\/www.exponentiel.ca\/en\/wp-json\/wp\/v2\/pages\/946","targetHints":{"allow":["GET"]}}],"collection":[{"href":"https:\/\/www.exponentiel.ca\/en\/wp-json\/wp\/v2\/pages"}],"about":[{"href":"https:\/\/www.exponentiel.ca\/en\/wp-json\/wp\/v2\/types\/page"}],"author":[{"embeddable":true,"href":"https:\/\/www.exponentiel.ca\/en\/wp-json\/wp\/v2\/users\/2"}],"replies":[{"embeddable":true,"href":"https:\/\/www.exponentiel.ca\/en\/wp-json\/wp\/v2\/comments?post=946"}],"version-history":[{"count":42,"href":"https:\/\/www.exponentiel.ca\/en\/wp-json\/wp\/v2\/pages\/946\/revisions"}],"predecessor-version":[{"id":4817,"href":"https:\/\/www.exponentiel.ca\/en\/wp-json\/wp\/v2\/pages\/946\/revisions\/4817"}],"wp:featuredmedia":[{"embeddable":true,"href":"https:\/\/www.exponentiel.ca\/en\/wp-json\/wp\/v2\/media\/1557"}],"wp:attachment":[{"href":"https:\/\/www.exponentiel.ca\/en\/wp-json\/wp\/v2\/media?parent=946"}],"curies":[{"name":"wp","href":"https:\/\/api.w.org\/{rel}","templated":true}]}}